{"id":130,"date":"2019-10-15T21:48:57","date_gmt":"2019-10-15T21:48:57","guid":{"rendered":"http:\/\/evhnews.com\/?page_id=130"},"modified":"2024-07-10T19:19:12","modified_gmt":"2024-07-11T02:19:12","slug":"about","status":"publish","type":"page","link":"https:\/\/evhnews.com\/de\/about\/","title":{"rendered":"\u00dcber"},"content":{"rendered":"<p class=\"wp-block-paragraph\"><img decoding=\"async\" data-attachment-id=\"6454\" data-permalink=\"https:\/\/evhnews.com\/de\/about\/primary-evhnews-logo\/\" data-orig-file=\"https:\/\/evhnews.com\/wp-content\/uploads\/2022\/11\/Primary-EVHNews-Logo-.png\" data-orig-size=\"150,82\" data-comments-opened=\"1\" data-image-meta=\"{&quot;aperture&quot;:&quot;0&quot;,&quot;credit&quot;:&quot;&quot;,&quot;camera&quot;:&quot;&quot;,&quot;caption&quot;:&quot;&quot;,&quot;created_timestamp&quot;:&quot;0&quot;,&quot;copyright&quot;:&quot;&quot;,&quot;focal_length&quot;:&quot;0&quot;,&quot;iso&quot;:&quot;0&quot;,&quot;shutter_speed&quot;:&quot;0&quot;,&quot;title&quot;:&quot;&quot;,&quot;orientation&quot;:&quot;0&quot;}\" data-image-title=\"Primary EVHNews Logo\" data-image-description=\"\" data-image-caption=\"\" data-large-file=\"https:\/\/evhnews.com\/wp-content\/uploads\/2022\/11\/Primary-EVHNews-Logo-.png\" class=\"alignnone size-full wp-image-6454\" src=\"https:\/\/evhnews.com\/wp-content\/uploads\/2022\/11\/Primary-EVHNews-Logo-.png\" alt=\"\" width=\"150\" height=\"82\" \/><br \/><br \/><\/p>\r\n<h2 class=\"has-text-align-center\"><strong>Pionierarbeit f\u00fcr innovative Elektro-Hybrid-, Wasserstofffahrzeuge und Batterietechnologie - Neuigkeiten f\u00fcr Sie!<\/strong><\/h2>\r\n<p><br \/><strong>EVHNews.com ist eine globale digitale Technologieplattform f\u00fcr EVVTOL, eine globale EV\/Hybridfahrzeug-, E-Luftfahrt-, E-VTOL-, E-Marine-, EV-Batterie-, Zukunftstechnologie-Industriemesse und Expo-Veranstaltungsorganisation, auf der die weltgr\u00f6\u00dften EV-, E-Luftfahrt-, E-VTOL-, E-Marine-Marken in technologische Innovationen f\u00fcr die Zukunft des Transportwesens investieren.<\/strong><br \/><br \/><strong>EV H News widmet sich den Bereichen Elektrofahrzeuge &amp; EV-Hybrid, E-Luftfahrt, E-VTOL-UAV Luft- und Raumfahrt, E-Marine, einschlie\u00dflich E-Mobilit\u00e4t, E-Semi &amp; E-Truck. <\/strong><br \/><strong>Diese digitale Plattform wird Berichte und Ressourcen von weltweit f\u00fchrenden Unternehmen der Branche enthalten, viele mit einem Schwerpunkt auf EV-Batterien, sauberer blauer Technologie und alternativen Kraftstoffen, wo anwendbar. Die Nachrichtenplattform EV H bietet allen Zugang zu den Werkzeugen und Informationen, die f\u00fcr die Zukunft der bahnbrechenden E-Technologien der E-Automobil-, E-Luftfahrt-, E-Schifffahrts-, E-Motorrad-, E-Halbzeug- und E-Lkw- sowie E-Motorsport-Industrie zur Verf\u00fcgung stehen.<\/strong><br \/><br \/><\/p>\r\n<p><img decoding=\"async\" data-attachment-id=\"6203\" data-permalink=\"https:\/\/evhnews.com\/de\/about\/evvtol-corporate-logo-for-evh-news\/\" data-orig-file=\"https:\/\/evhnews.com\/wp-content\/uploads\/2022\/10\/EVVTOL-Corporate-Logo-for-EVH-News.png\" data-orig-size=\"150,86\" data-comments-opened=\"1\" data-image-meta=\"{&quot;aperture&quot;:&quot;0&quot;,&quot;credit&quot;:&quot;&quot;,&quot;camera&quot;:&quot;&quot;,&quot;caption&quot;:&quot;&quot;,&quot;created_timestamp&quot;:&quot;0&quot;,&quot;copyright&quot;:&quot;&quot;,&quot;focal_length&quot;:&quot;0&quot;,&quot;iso&quot;:&quot;0&quot;,&quot;shutter_speed&quot;:&quot;0&quot;,&quot;title&quot;:&quot;&quot;,&quot;orientation&quot;:&quot;0&quot;}\" data-image-title=\"EVVTOL Corporate Logo for EVH News\" data-image-description=\"\" data-image-caption=\"\" data-large-file=\"https:\/\/evhnews.com\/wp-content\/uploads\/2022\/10\/EVVTOL-Corporate-Logo-for-EVH-News.png\" class=\"alignnone size-full wp-image-6203\" src=\"https:\/\/evhnews.com\/wp-content\/uploads\/2022\/10\/EVVTOL-Corporate-Logo-for-EVH-News.png\" alt=\"\" width=\"150\" height=\"86\" \/><br \/><strong>\u00dcber EVVTOL<\/strong> <br \/><br \/><\/p>\r\n<ul>\r\n<li><strong>EVVTOL ist ein neues Unternehmen, das sich selbst als die einflussreichste globale Messe- und Ausstellungsorganisation f\u00fcr Zukunftstechnologien positioniert, um Kunden aus den Bereichen EV, E Aviation, E VTOL Aerospace und E Marine Transport erfolgreich zu unterst\u00fctzen. <\/strong><br \/><br \/><\/li>\r\n<li><strong>Ziel der EVVTOL ist es, die EV-, E-Aviation-, E-VTOL- und E-Marine-Industrie zu pr\u00e4sentieren und die wichtigsten EV- und VTOL-Fahrzeuge und -Komponentenhersteller in der E-Tech-Welt vorzustellen, indem modernste EV- und E-VTOL-Batterietechnologien pr\u00e4sentiert werden. <\/strong><br \/><br \/><\/li>\r\n<li><strong>EVVTOL hat es sich zur Aufgabe gemacht, mehrere Technologiemessen und -ausstellungen sowie einflussreiche, hochrangige EV-Business-Gipfel mit den folgenden Themen durchzuf\u00fchren<\/strong> <strong>Kontakte zu den wichtigsten Herstellern der EV- und E-Mobilit\u00e4tsbranche, der Informationstechnologie f\u00fcr Energiefahrzeuge sowie der Batterie- und Ladeinfrastrukturbranche. Diese Veranstaltungen sind hervorragende Gelegenheiten, sich \u00fcber die neuesten innovativen technischen Fortschritte in der EV-Industrie zu informieren und \u00fcber die Herausforderungen im Bereich der Batterieenergie zu diskutieren, die noch bestehen.<\/strong><br \/><br \/><\/li>\r\n<\/ul>\r\n<p>\u00a0<br \/><strong>(evvtol.org)<br \/>19200 Von Karman Avenue, Irvine, CA, 92612 <\/strong><br \/><strong>\u00a0877-4EV-VTOL (877-438-8865)<\/strong><\/p>\r\n<p>&nbsp;<\/p>\r\n\r\n\r\n\r\n<p class=\"wp-block-paragraph\"><strong>EVHNews.com ist Mitglied der Motor Press Guild und wirbt aktiv f\u00fcr den Beitritt neuer Mitglieder zur Motor Press Guild Organisation, um die Automobil-, Luftfahrt-, Marine-, Motorrad- und Motorsportindustrie zu f\u00f6rdern!<\/strong> <br \/><img decoding=\"async\" width=\"150\" height=\"67\" data-attachment-id=\"596\" data-permalink=\"https:\/\/evhnews.com\/de\/about\/mpg-motor-press-guild-www-motorpressguild-org\/\" data-orig-file=\"https:\/\/evhnews.com\/wp-content\/uploads\/2019\/11\/MPG-Motor-Press-Guild-www.motorpressguild.org_.png\" data-orig-size=\"306,137\" data-comments-opened=\"1\" data-image-meta=\"{&quot;aperture&quot;:&quot;0&quot;,&quot;credit&quot;:&quot;&quot;,&quot;camera&quot;:&quot;&quot;,&quot;caption&quot;:&quot;&quot;,&quot;created_timestamp&quot;:&quot;0&quot;,&quot;copyright&quot;:&quot;&quot;,&quot;focal_length&quot;:&quot;0&quot;,&quot;iso&quot;:&quot;0&quot;,&quot;shutter_speed&quot;:&quot;0&quot;,&quot;title&quot;:&quot;&quot;,&quot;orientation&quot;:&quot;0&quot;}\" data-image-title=\"MPG Motor Press Guild www.motorpressguild.org\" data-image-description=\"\" data-image-caption=\"\" data-large-file=\"https:\/\/evhnews.com\/wp-content\/uploads\/2019\/11\/MPG-Motor-Press-Guild-www.motorpressguild.org_.png\" class=\"wp-image-596\" style=\"width: 150px;\" src=\"https:\/\/evhnews.com\/wp-content\/uploads\/2019\/11\/MPG-Motor-Press-Guild-www.motorpressguild.org_.png\" alt=\"undefined\" srcset=\"https:\/\/evhnews.com\/wp-content\/uploads\/2019\/11\/MPG-Motor-Press-Guild-www.motorpressguild.org_.png 306w, https:\/\/evhnews.com\/wp-content\/uploads\/2019\/11\/MPG-Motor-Press-Guild-www.motorpressguild.org_-300x134.png 300w\" sizes=\"(max-width: 150px) 100vw, 150px\" \/><br \/><strong>Wenn Sie interessiert sind, werden Sie Mitglied der Motor Press Guild, die Ihnen die Welt des Automobils, der Luftfahrt, der Marine, des Motorrads und des Motorsports er\u00f6ffnet! <\/strong><br \/><strong>Beitreten:<\/strong> <a href=\"https:\/\/www.motorpressguild.org\/\">Motor_Press_Gilde<\/a><\/p>\r\n\r\n\r\n\r\n\r\n\r\n<div class=\"wp-block-columns alignwide has-3-columns\"><hr class=\"wp-block-separator is-style-wide\" \/><!-- \/wp:post-content -->\r\n\r\n<!-- wp:spacer {\"height\":32,\"className\":\"desktop-only\"} \/-->\r\n\r\n<!-- wp:heading {\"align\":\"center\"} --><\/div>\r\n<h2 class=\"has-text-align-center\">\u00a0<\/h2>\r\n<!-- \/wp:heading -->\r\n\r\n<!-- wp:button {\"align\":\"center\"} -->\r\n<div class=\"wp-block-button aligncenter\"><a class=\"wp-block-button__link\" href=\"#\">Nehmen Sie Kontakt auf!<\/a><\/div>\r\n<!-- \/wp:button -->\r\n\r\n<!-- wp:spacer {\"height\":32,\"className\":\"desktop-only\"} -->\r\n<div class=\"wp-block-spacer desktop-only\" style=\"height: 32px;\" aria-hidden=\"true\">\u00a0<\/div>\r\n<!-- \/wp:spacer -->\r\n\r\n<!-- wp:separator {\"className\":\"is-style-wide\"} --><hr class=\"wp-block-separator is-style-wide\" \/><!-- \/wp:separator -->\r\n\r\n<!-- wp:spacer {\"height\":32} \/--><hr class=\"wp-block-separator is-style-wide\" \/>\r\n<p><!-- \/wp:separator -->\r\n\r\n<!-- wp:spacer {\"height\":32,\"className\":\"desktop-only\"} --><!-- \/wp:spacer -->\r\n\r\n<!-- wp:heading {\"align\":\"center\"} --><!-- \/wp:heading -->\r\n\r\n<!-- wp:button {\"align\":\"center\"} --><!-- \/wp:button -->\r\n\r\n<!-- wp:spacer {\"height\":32,\"className\":\"desktop-only\"} --><!-- \/wp:spacer -->\r\n\r\n<!-- wp:separator {\"className\":\"is-style-wide\"} --><\/p>\r\n<hr class=\"wp-block-separator is-style-wide\" \/>\r\n<p><!-- \/wp:separator -->\r\n\r\n<!-- wp:spacer {\"height\":32} --><\/p>\r\n<div class=\"wp-block-spacer\" style=\"height: 32px;\" aria-hidden=\"true\">\u00a0<\/div>\r\n<p><!-- \/wp:spacer --><!-- \/wp:columns --><\/p>","protected":false},"excerpt":{"rendered":"<p>Pioneering Future Innovative Electric-Hybrid, Hydrogen Vehicles &amp; Battery Technology News To You! EVHNews.com is a&#8230;<\/p>","protected":false},"author":165558846,"featured_media":0,"parent":0,"menu_order":0,"comment_status":"closed","ping_status":"closed","template":"","meta":{"_coblocks_attr":"","_coblocks_dimensions":"","_coblocks_responsive_height":"","_coblocks_accordion_ie_support":"","_crdt_document":"","advanced_seo_description":"","jetpack_seo_html_title":"","jetpack_seo_noindex":false,"two_page_speed":{"current_score":{"desktop_score":92,"desktop_tti":"0.8\u00a0","mobile_score":54,"mobile_tti":"3.0\u00a0","date":"10.07.2024 07:20:16 pm","status":"completed"}},"footnotes":""},"class_list":["post-130","page","type-page","status-publish","hentry"],"jetpack_likes_enabled":true,"jetpack_sharing_enabled":true,"jetpack_shortlink":"https:\/\/wp.me\/Pbbbdx-26","amp_enabled":true,"_links":{"self":[{"href":"https:\/\/evhnews.com\/de\/wp-json\/wp\/v2\/pages\/130","targetHints":{"allow":["GET"]}}],"collection":[{"href":"https:\/\/evhnews.com\/de\/wp-json\/wp\/v2\/pages"}],"about":[{"href":"https:\/\/evhnews.com\/de\/wp-json\/wp\/v2\/types\/page"}],"author":[{"embeddable":true,"href":"https:\/\/evhnews.com\/de\/wp-json\/wp\/v2\/users\/165558846"}],"replies":[{"embeddable":true,"href":"https:\/\/evhnews.com\/de\/wp-json\/wp\/v2\/comments?post=130"}],"version-history":[{"count":53,"href":"https:\/\/evhnews.com\/de\/wp-json\/wp\/v2\/pages\/130\/revisions"}],"predecessor-version":[{"id":8074,"href":"https:\/\/evhnews.com\/de\/wp-json\/wp\/v2\/pages\/130\/revisions\/8074"}],"wp:attachment":[{"href":"https:\/\/evhnews.com\/de\/wp-json\/wp\/v2\/media?parent=130"}],"curies":[{"name":"wp","href":"https:\/\/api.w.org\/{rel}","templated":true}]}}