{"id":130,"date":"2019-10-15T21:48:57","date_gmt":"2019-10-15T21:48:57","guid":{"rendered":"http:\/\/evhnews.com\/?page_id=130"},"modified":"2024-07-10T19:19:12","modified_gmt":"2024-07-11T02:19:12","slug":"acerca-de","status":"publish","type":"page","link":"https:\/\/evhnews.com\/es\/acerca-de\/","title":{"rendered":"Acerca de"},"content":{"rendered":"<p class=\"wp-block-paragraph\"><img decoding=\"async\" data-attachment-id=\"6454\" data-permalink=\"https:\/\/evhnews.com\/es\/acerca-de\/primary-evhnews-logo\/\" data-orig-file=\"https:\/\/evhnews.com\/wp-content\/uploads\/2022\/11\/Primary-EVHNews-Logo-.png\" data-orig-size=\"150,82\" data-comments-opened=\"1\" data-image-meta=\"{&quot;aperture&quot;:&quot;0&quot;,&quot;credit&quot;:&quot;&quot;,&quot;camera&quot;:&quot;&quot;,&quot;caption&quot;:&quot;&quot;,&quot;created_timestamp&quot;:&quot;0&quot;,&quot;copyright&quot;:&quot;&quot;,&quot;focal_length&quot;:&quot;0&quot;,&quot;iso&quot;:&quot;0&quot;,&quot;shutter_speed&quot;:&quot;0&quot;,&quot;title&quot;:&quot;&quot;,&quot;orientation&quot;:&quot;0&quot;}\" data-image-title=\"Primary EVHNews Logo\" data-image-description=\"\" data-image-caption=\"\" data-large-file=\"https:\/\/evhnews.com\/wp-content\/uploads\/2022\/11\/Primary-EVHNews-Logo-.png\" class=\"alignnone size-full wp-image-6454\" src=\"https:\/\/evhnews.com\/wp-content\/uploads\/2022\/11\/Primary-EVHNews-Logo-.png\" alt=\"\" width=\"150\" height=\"82\" \/><br \/><br \/><\/p>\r\n<h2 class=\"has-text-align-center\"><strong>Novedades en tecnolog\u00eda de bater\u00edas, veh\u00edculos el\u00e9ctricos h\u00edbridos y de hidr\u00f3geno para usted.<\/strong><\/h2>\r\n<p><br \/><strong>EVHNews.com es una plataforma digital dedicada a la publicaci\u00f3n de tecnolog\u00eda para EVVTOL, una feria mundial de veh\u00edculos el\u00e9ctricos e h\u00edbridos, aviaci\u00f3n, aeron\u00e1utica, bater\u00edas y tecnolog\u00eda del futuro en la que las marcas m\u00e1s importantes del mundo de veh\u00edculos el\u00e9ctricos, aviaci\u00f3n, aeron\u00e1utica, bater\u00edas y tecnolog\u00eda del futuro invierten en innovaci\u00f3n tecnol\u00f3gica para el futuro del transporte.<\/strong><br \/><br \/><strong>EV H News est\u00e1 comprometida con el veh\u00edculo el\u00e9ctrico y EV-Hybrid, E Aviaci\u00f3n, E-VTOL-UAV Aeroespacial, E Marina industria incluyendo e-movilidad e-semi y e-cami\u00f3n. <\/strong><br \/><strong>Esta plataforma digital incluir\u00e1 rese\u00f1as y recursos de los l\u00edderes mundiales del sector, muchos de ellos centrados en las bater\u00edas de los veh\u00edculos el\u00e9ctricos, la tecnolog\u00eda limpia y los combustibles alternativos. La plataforma de noticias EV H es para que todos tengan acceso a las herramientas y la informaci\u00f3n disponibles para el futuro de la tecnolog\u00eda electr\u00f3nica de vanguardia de los sectores de la automoci\u00f3n, la aviaci\u00f3n, la marina, las motocicletas, los semirremolques y los camiones.<\/strong><br \/><br \/><\/p>\r\n<p><img decoding=\"async\" data-attachment-id=\"6203\" data-permalink=\"https:\/\/evhnews.com\/es\/acerca-de\/evvtol-corporate-logo-for-evh-news\/\" data-orig-file=\"https:\/\/evhnews.com\/wp-content\/uploads\/2022\/10\/EVVTOL-Corporate-Logo-for-EVH-News.png\" data-orig-size=\"150,86\" data-comments-opened=\"1\" data-image-meta=\"{&quot;aperture&quot;:&quot;0&quot;,&quot;credit&quot;:&quot;&quot;,&quot;camera&quot;:&quot;&quot;,&quot;caption&quot;:&quot;&quot;,&quot;created_timestamp&quot;:&quot;0&quot;,&quot;copyright&quot;:&quot;&quot;,&quot;focal_length&quot;:&quot;0&quot;,&quot;iso&quot;:&quot;0&quot;,&quot;shutter_speed&quot;:&quot;0&quot;,&quot;title&quot;:&quot;&quot;,&quot;orientation&quot;:&quot;0&quot;}\" data-image-title=\"EVVTOL Corporate Logo for EVH News\" data-image-description=\"\" data-image-caption=\"\" data-large-file=\"https:\/\/evhnews.com\/wp-content\/uploads\/2022\/10\/EVVTOL-Corporate-Logo-for-EVH-News.png\" class=\"alignnone size-full wp-image-6203\" src=\"https:\/\/evhnews.com\/wp-content\/uploads\/2022\/10\/EVVTOL-Corporate-Logo-for-EVH-News.png\" alt=\"\" width=\"150\" height=\"86\" \/><br \/><strong>Acerca de EVVTOL<\/strong> <br \/><br \/><\/p>\r\n<ul>\r\n<li><strong>EVVTOL es una nueva corporaci\u00f3n que se presenta como la organizaci\u00f3n m\u00e1s influyente a nivel mundial de eventos y exposiciones sobre tecnolog\u00eda del futuro, posicion\u00e1ndose estrat\u00e9gicamente para facilitar con \u00e9xito las necesidades de los clientes de la industria del transporte mar\u00edtimo, aeroespacial, de aviaci\u00f3n y VTOL. <\/strong><br \/><br \/><\/li>\r\n<li><strong>El objetivo de EVVTOL es dar a conocer el sector de los veh\u00edculos el\u00e9ctricos, la aviaci\u00f3n y el transporte a\u00e9reo y mar\u00edtimo, y presentar los principales veh\u00edculos y componentes aeroespaciales y a\u00e9reos en el mundo de la tecnolog\u00eda electr\u00f3nica mediante la presentaci\u00f3n y exhibici\u00f3n de tecnolog\u00eda punta en materia de bater\u00edas y veh\u00edculos el\u00e9ctricos y a\u00e9reos. <\/strong><br \/><br \/><\/li>\r\n<li><strong>La misi\u00f3n de EVVTOL es presentar m\u00faltiples salones y exposiciones tecnol\u00f3gicas, incluidas influyentes cumbres empresariales de alto nivel sobre veh\u00edculos el\u00e9ctricos basadas en el doble tema de los negocios<\/strong> <strong>compromiso con los principales fabricantes que trabajan en el sector de la movilidad el\u00e9ctrica y el\u00e9ctrica, la tecnolog\u00eda de la informaci\u00f3n sobre veh\u00edculos energ\u00e9ticos, las bater\u00edas y la infraestructura de recarga. Estos eventos son excelentes oportunidades para conocer y debatir los \u00faltimos avances tecnol\u00f3gicos innovadores en el sector de los veh\u00edculos el\u00e9ctricos, as\u00ed como los retos que a\u00fan se plantean en el \u00e1mbito de la energ\u00eda de las bater\u00edas.<\/strong><br \/><br \/><\/li>\r\n<\/ul>\r\n<p>\u00a0<br \/><strong>(evvtol.org)<br \/>19200 Von Karman Avenue, Irvine, CA, 92612 <\/strong><br \/><strong>\u00a0877-4EV-VTOL (877-438-8865)<\/strong><\/p>\r\n<p>&nbsp;<\/p>\r\n\r\n\r\n\r\n<p class=\"wp-block-paragraph\"><strong>EVHNews.com cuenta con miembros colaboradores del Motor Press Guild y promueve activamente que nuevos miembros se unan a la organizaci\u00f3n Motor Press Guild para promover la industria del autom\u00f3vil, la aviaci\u00f3n, la marina, la motocicleta y los deportes de motor.<\/strong> <br \/><img decoding=\"async\" width=\"150\" height=\"67\" data-attachment-id=\"596\" data-permalink=\"https:\/\/evhnews.com\/es\/acerca-de\/mpg-motor-press-guild-www-motorpressguild-org\/\" data-orig-file=\"https:\/\/evhnews.com\/wp-content\/uploads\/2019\/11\/MPG-Motor-Press-Guild-www.motorpressguild.org_.png\" data-orig-size=\"306,137\" data-comments-opened=\"1\" data-image-meta=\"{&quot;aperture&quot;:&quot;0&quot;,&quot;credit&quot;:&quot;&quot;,&quot;camera&quot;:&quot;&quot;,&quot;caption&quot;:&quot;&quot;,&quot;created_timestamp&quot;:&quot;0&quot;,&quot;copyright&quot;:&quot;&quot;,&quot;focal_length&quot;:&quot;0&quot;,&quot;iso&quot;:&quot;0&quot;,&quot;shutter_speed&quot;:&quot;0&quot;,&quot;title&quot;:&quot;&quot;,&quot;orientation&quot;:&quot;0&quot;}\" data-image-title=\"MPG Motor Press Guild www.motorpressguild.org\" data-image-description=\"\" data-image-caption=\"\" data-large-file=\"https:\/\/evhnews.com\/wp-content\/uploads\/2019\/11\/MPG-Motor-Press-Guild-www.motorpressguild.org_.png\" class=\"wp-image-596\" style=\"width: 150px;\" src=\"https:\/\/evhnews.com\/wp-content\/uploads\/2019\/11\/MPG-Motor-Press-Guild-www.motorpressguild.org_.png\" alt=\"indefinido\" srcset=\"https:\/\/evhnews.com\/wp-content\/uploads\/2019\/11\/MPG-Motor-Press-Guild-www.motorpressguild.org_.png 306w, https:\/\/evhnews.com\/wp-content\/uploads\/2019\/11\/MPG-Motor-Press-Guild-www.motorpressguild.org_-300x134.png 300w\" sizes=\"(max-width: 150px) 100vw, 150px\" \/><br \/><strong>Si est\u00e1 interesado, \u00fanase a Motor Press Guild, \u00a1le abrir\u00e1 las puertas del mundo de la automoci\u00f3n, la aviaci\u00f3n, la marina, las motocicletas y los deportes de motor! <\/strong><br \/><strong>\u00danete:<\/strong> <a href=\"https:\/\/www.motorpressguild.org\/\">Motor_Press_Guild<\/a><\/p>\r\n\r\n\r\n\r\n\r\n\r\n<div class=\"wp-block-columns alignwide has-3-columns\"><hr class=\"wp-block-separator is-style-wide\" \/><!-- \/wp:post-content -->\r\n\r\n<!-- wp:spacer {\"height\":32,\"className\":\"desktop-only\"} \/-->\r\n\r\n<!-- wp:heading {\"align\":\"center\"} --><\/div>\r\n<h2 class=\"has-text-align-center\">\u00a0<\/h2>\r\n<!-- \/wp:heading -->\r\n\r\n<!-- wp:button {\"align\":\"center\"} -->\r\n<div class=\"wp-block-button aligncenter\"><a class=\"wp-block-button__link\" href=\"#\">P\u00f3ngase en contacto con nosotros<\/a><\/div>\r\n<!-- \/wp:button -->\r\n\r\n<!-- wp:spacer {\"height\":32,\"className\":\"desktop-only\"} -->\r\n<div class=\"wp-block-spacer desktop-only\" style=\"height: 32px;\" aria-hidden=\"true\">\u00a0<\/div>\r\n<!-- \/wp:spacer -->\r\n\r\n<!-- wp:separator {\"className\":\"is-style-wide\"} --><hr class=\"wp-block-separator is-style-wide\" \/><!-- \/wp:separator -->\r\n\r\n<!-- wp:spacer {\"height\":32} \/--><hr class=\"wp-block-separator is-style-wide\" \/>\r\n<p><!-- \/wp:separator -->\r\n\r\n<!-- wp:spacer {\"height\":32,\"className\":\"desktop-only\"} --><!-- \/wp:spacer -->\r\n\r\n<!-- wp:heading {\"align\":\"center\"} --><!-- \/wp:heading -->\r\n\r\n<!-- wp:button {\"align\":\"center\"} --><!-- \/wp:button -->\r\n\r\n<!-- wp:spacer {\"height\":32,\"className\":\"desktop-only\"} --><!-- \/wp:spacer -->\r\n\r\n<!-- wp:separator {\"className\":\"is-style-wide\"} --><\/p>\r\n<hr class=\"wp-block-separator is-style-wide\" \/>\r\n<p><!-- \/wp:separator -->\r\n\r\n<!-- wp:spacer {\"height\":32} --><\/p>\r\n<div class=\"wp-block-spacer\" style=\"height: 32px;\" aria-hidden=\"true\">\u00a0<\/div>\r\n<p><!-- \/wp:spacer --><!-- \/wp:columns --><\/p>","protected":false},"excerpt":{"rendered":"<p>Pioneering Future Innovative Electric-Hybrid, Hydrogen Vehicles &amp; Battery Technology News To You! EVHNews.com is a&#8230;<\/p>","protected":false},"author":165558846,"featured_media":0,"parent":0,"menu_order":0,"comment_status":"closed","ping_status":"closed","template":"","meta":{"_coblocks_attr":"","_coblocks_dimensions":"","_coblocks_responsive_height":"","_coblocks_accordion_ie_support":"","_crdt_document":"","advanced_seo_description":"","jetpack_seo_html_title":"","jetpack_seo_noindex":false,"jetpack_post_was_ever_published":false,"two_page_speed":{"current_score":{"desktop_score":92,"desktop_tti":"0.8\u00a0","mobile_score":54,"mobile_tti":"3.0\u00a0","date":"10.07.2024 07:20:16 pm","status":"completed"}},"footnotes":""},"class_list":["post-130","page","type-page","status-publish","hentry"],"jetpack_likes_enabled":true,"jetpack_sharing_enabled":true,"jetpack_shortlink":"https:\/\/wp.me\/Pbbbdx-26","amp_enabled":true,"_links":{"self":[{"href":"https:\/\/evhnews.com\/es\/wp-json\/wp\/v2\/pages\/130","targetHints":{"allow":["GET"]}}],"collection":[{"href":"https:\/\/evhnews.com\/es\/wp-json\/wp\/v2\/pages"}],"about":[{"href":"https:\/\/evhnews.com\/es\/wp-json\/wp\/v2\/types\/page"}],"author":[{"embeddable":true,"href":"https:\/\/evhnews.com\/es\/wp-json\/wp\/v2\/users\/165558846"}],"replies":[{"embeddable":true,"href":"https:\/\/evhnews.com\/es\/wp-json\/wp\/v2\/comments?post=130"}],"version-history":[{"count":53,"href":"https:\/\/evhnews.com\/es\/wp-json\/wp\/v2\/pages\/130\/revisions"}],"predecessor-version":[{"id":8074,"href":"https:\/\/evhnews.com\/es\/wp-json\/wp\/v2\/pages\/130\/revisions\/8074"}],"wp:attachment":[{"href":"https:\/\/evhnews.com\/es\/wp-json\/wp\/v2\/media?parent=130"}],"curies":[{"name":"wp","href":"https:\/\/api.w.org\/{rel}","templated":true}]}}